{"id":218,"date":"2017-03-07T21:22:25","date_gmt":"2017-03-07T19:22:25","guid":{"rendered":"http:\/\/xn--jukkahmlinen-lcbbb.fi\/?page_id=218"},"modified":"2022-11-20T22:00:16","modified_gmt":"2022-11-20T20:00:16","slug":"harrastuksia-ja-vahan-muutakin","status":"publish","type":"page","link":"https:\/\/jukkahamalainen.fi\/eduskuntavaalit-27\/harrastuksia-ja-vahan-muutakin\/","title":{"rendered":"Harrastuksia ja v\u00e4h\u00e4n muutakin"},"content":{"rendered":"<p>VOIMAA<br \/>Eduskuntavaalien 2019 kampanjabiisi.<\/p>\n<p>Laulu; Jukka H\u00e4m\u00e4l\u00e4inen, Taustalaulu; Aimo Hedman, Sanoitus; Saija J\u00e4ntti, S\u00e4vellys; Aimo Hedman, Tuottajat; Aimo Hedman ja Aleksi Hirvonen<\/p>\n<p><iframe loading=\"lazy\" title=\"Voimaa\" width=\"696\" height=\"392\" src=\"https:\/\/www.youtube.com\/embed\/Q7iScnrwiag?feature=oembed\" frameborder=\"0\" allow=\"accelerometer; autoplay; clipboard-write; encrypted-media; gyroscope; picture-in-picture\" allowfullscreen><\/iframe><\/p>\n<p><iframe loading=\"lazy\" title=\"Ei luotu kest\u00e4m\u00e4\u00e4n (Pate Mustaj\u00e4rvi) Jukkis\" width=\"696\" height=\"392\" src=\"https:\/\/www.youtube.com\/embed\/CU1Ii0fCbLw?feature=oembed\" frameborder=\"0\" allow=\"accelerometer; autoplay; clipboard-write; encrypted-media; gyroscope; picture-in-picture\" allowfullscreen><\/iframe><\/p>\n<p><iframe loading=\"lazy\" title=\"Savolainen balladi\" width=\"696\" height=\"392\" src=\"https:\/\/www.youtube.com\/embed\/yQNyklO2Ph8?feature=oembed\" frameborder=\"0\" allow=\"accelerometer; autoplay; clipboard-write; encrypted-media; gyroscope; picture-in-picture\" allowfullscreen><\/iframe><\/p>\n\n\n<p class=\"wp-block-paragraph\"><\/p>\n","protected":false},"excerpt":{"rendered":"<p>VOIMAAEduskuntavaalien 2019 kampanjabiisi. Laulu; Jukka H\u00e4m\u00e4l\u00e4inen, Taustalaulu; Aimo Hedman, Sanoitus; Saija J\u00e4ntti, S\u00e4vellys; Aimo Hedman, Tuottajat; Aimo Hedman ja Aleksi Hirvonen<\/p>\n","protected":false},"author":1,"featured_media":0,"parent":0,"menu_order":0,"comment_status":"closed","ping_status":"closed","template":"","meta":{"_crdt_document":"","footnotes":""},"class_list":["post-218","page","type-page","status-publish","hentry"],"_links":{"self":[{"href":"https:\/\/jukkahamalainen.fi\/eduskuntavaalit-27\/wp-json\/wp\/v2\/pages\/218","targetHints":{"allow":["GET"]}}],"collection":[{"href":"https:\/\/jukkahamalainen.fi\/eduskuntavaalit-27\/wp-json\/wp\/v2\/pages"}],"about":[{"href":"https:\/\/jukkahamalainen.fi\/eduskuntavaalit-27\/wp-json\/wp\/v2\/types\/page"}],"author":[{"embeddable":true,"href":"https:\/\/jukkahamalainen.fi\/eduskuntavaalit-27\/wp-json\/wp\/v2\/users\/1"}],"replies":[{"embeddable":true,"href":"https:\/\/jukkahamalainen.fi\/eduskuntavaalit-27\/wp-json\/wp\/v2\/comments?post=218"}],"version-history":[{"count":9,"href":"https:\/\/jukkahamalainen.fi\/eduskuntavaalit-27\/wp-json\/wp\/v2\/pages\/218\/revisions"}],"predecessor-version":[{"id":1990,"href":"https:\/\/jukkahamalainen.fi\/eduskuntavaalit-27\/wp-json\/wp\/v2\/pages\/218\/revisions\/1990"}],"wp:attachment":[{"href":"https:\/\/jukkahamalainen.fi\/eduskuntavaalit-27\/wp-json\/wp\/v2\/media?parent=218"}],"curies":[{"name":"wp","href":"https:\/\/api.w.org\/{rel}","templated":true}]}}