{"id":1081,"date":"2018-10-09T14:34:40","date_gmt":"2018-10-09T12:34:40","guid":{"rendered":"http:\/\/jukkahamalainen.fi\/?page_id=1081"},"modified":"2025-07-03T10:25:10","modified_gmt":"2025-07-03T08:25:10","slug":"luottamustoimeni","status":"publish","type":"page","link":"https:\/\/jukkahamalainen.fi\/eduskuntavaalit-27\/","title":{"rendered":"Luottamustoimeni ja yhteystiedot"},"content":{"rendered":"<p><img  title=\"\" loading=\"lazy\" decoding=\"async\" class=\"alignnone size-medium wp-image-2022\" src=\"http:\/\/jukkahamalainen.fi\/wp-content\/uploads\/2022\/12\/7FB43307-EF5A-4DA3-82CD-21F85BD0EDE6-200x300.jpeg\"  alt=\"7FB43307-EF5A-4DA3-82CD-21F85BD0EDE6-200x300 Luottamustoimeni ja yhteystiedot\"  width=\"200\" height=\"300\" srcset=\"https:\/\/jukkahamalainen.fi\/wp-content\/uploads\/2022\/12\/7FB43307-EF5A-4DA3-82CD-21F85BD0EDE6-200x300.jpeg 200w, https:\/\/jukkahamalainen.fi\/wp-content\/uploads\/2022\/12\/7FB43307-EF5A-4DA3-82CD-21F85BD0EDE6-scaled-600x900.jpeg 600w, https:\/\/jukkahamalainen.fi\/wp-content\/uploads\/2022\/12\/7FB43307-EF5A-4DA3-82CD-21F85BD0EDE6-683x1024.jpeg 683w, https:\/\/jukkahamalainen.fi\/wp-content\/uploads\/2022\/12\/7FB43307-EF5A-4DA3-82CD-21F85BD0EDE6-768x1152.jpeg 768w, https:\/\/jukkahamalainen.fi\/wp-content\/uploads\/2022\/12\/7FB43307-EF5A-4DA3-82CD-21F85BD0EDE6-1024x1536.jpeg 1024w, https:\/\/jukkahamalainen.fi\/wp-content\/uploads\/2022\/12\/7FB43307-EF5A-4DA3-82CD-21F85BD0EDE6-1365x2048.jpeg 1365w, https:\/\/jukkahamalainen.fi\/wp-content\/uploads\/2022\/12\/7FB43307-EF5A-4DA3-82CD-21F85BD0EDE6-scaled.jpeg 1706w\" sizes=\"auto, (max-width: 200px) 100vw, 200px\" \/><\/p>\n<ul>\n<li>Jyv\u00e4skyl\u00e4n kaupunginhallituksen puheenjohtaja<\/li>\n<li>Koiviston Auto Jyv\u00e4skyl\u00e4 Oy:n p\u00e4\u00e4luottamusmies<\/li>\n<li>Keski-Suomen Liiton maakuntavaltuuston varaj\u00e4sen<\/li>\n<li>Jyv\u00e4skyl\u00e4n Ty\u00f6v\u00e4enyhdistyksen varapuheenjohtaja<\/li>\n<li>Urheiluseura Jyv\u00e4skyl\u00e4n Valon puheenjohtaja<\/li>\n<li>Keskin\u00e4inen el\u00e4kevakuutusyhti\u00f6 Varman el\u00e4kevakuutettujen neuvottelukunnan j\u00e4sen<\/li>\n<li>Keski-Suomen Osuuspankin edustajiston j\u00e4sen<\/li>\n<li><span style=\"font-size: 1rem;\"><span style=\"font-size: 1rem;\"><span style=\"font-size: 1rem;\"><b>Yhteystiedot:<\/b><\/span><\/span><\/span><br \/>\n<em>p. +358400647171<\/em><br \/>\n<a href=\"mailto:jukka.hamalainen@kotiposti.net\"><em><em>jukka.hamalainen@kotiposti.net<\/em><\/em><\/a><br \/>\nFacebook:<br \/>\n<a href=\"https:\/\/m.facebook.com\/jukanjousille\/\">https:\/\/m.facebook.com\/jukanjousille\/<\/a><br \/>\nTwitter:<br \/>\n<a href=\"http:\/\/www.twitter.com\/@jhamalainen66\">@jhamalainen66<\/a><\/li>\n<\/ul>\n","protected":false},"excerpt":{"rendered":"<p>Jyv\u00e4skyl\u00e4n kaupunginhallituksen puheenjohtaja Koiviston Auto Jyv\u00e4skyl\u00e4 Oy:n p\u00e4\u00e4luottamusmies Keski-Suomen Liiton maakuntavaltuuston varaj\u00e4sen Jyv\u00e4skyl\u00e4n Ty\u00f6v\u00e4enyhdistyksen varapuheenjohtaja Urheiluseura Jyv\u00e4skyl\u00e4n Valon puheenjohtaja Keskin\u00e4inen el\u00e4kevakuutusyhti\u00f6 Varman el\u00e4kevakuutettujen neuvottelukunnan j\u00e4sen Keski-Suomen Osuuspankin edustajiston j\u00e4sen Yhteystiedot: p. +358400647171 jukka.hamalainen@kotiposti.net Facebook: https:\/\/m.facebook.com\/jukanjousille\/ Twitter: @jhamalainen66<\/p>\n","protected":false},"author":1,"featured_media":0,"parent":0,"menu_order":0,"comment_status":"closed","ping_status":"closed","template":"","meta":{"_crdt_document":"","footnotes":""},"class_list":["post-1081","page","type-page","status-publish","hentry"],"_links":{"self":[{"href":"https:\/\/jukkahamalainen.fi\/eduskuntavaalit-27\/wp-json\/wp\/v2\/pages\/1081","targetHints":{"allow":["GET"]}}],"collection":[{"href":"https:\/\/jukkahamalainen.fi\/eduskuntavaalit-27\/wp-json\/wp\/v2\/pages"}],"about":[{"href":"https:\/\/jukkahamalainen.fi\/eduskuntavaalit-27\/wp-json\/wp\/v2\/types\/page"}],"author":[{"embeddable":true,"href":"https:\/\/jukkahamalainen.fi\/eduskuntavaalit-27\/wp-json\/wp\/v2\/users\/1"}],"replies":[{"embeddable":true,"href":"https:\/\/jukkahamalainen.fi\/eduskuntavaalit-27\/wp-json\/wp\/v2\/comments?post=1081"}],"version-history":[{"count":44,"href":"https:\/\/jukkahamalainen.fi\/eduskuntavaalit-27\/wp-json\/wp\/v2\/pages\/1081\/revisions"}],"predecessor-version":[{"id":2248,"href":"https:\/\/jukkahamalainen.fi\/eduskuntavaalit-27\/wp-json\/wp\/v2\/pages\/1081\/revisions\/2248"}],"wp:attachment":[{"href":"https:\/\/jukkahamalainen.fi\/eduskuntavaalit-27\/wp-json\/wp\/v2\/media?parent=1081"}],"curies":[{"name":"wp","href":"https:\/\/api.w.org\/{rel}","templated":true}]}}